{"id":40,"date":"2017-03-28T23:26:16","date_gmt":"2017-03-28T23:26:16","guid":{"rendered":"http:\/\/www.abrigosoftware.com.br\/site\/?page_id=40"},"modified":"2018-09-05T15:53:37","modified_gmt":"2018-09-05T18:53:37","slug":"sobre-nos","status":"publish","type":"page","link":"https:\/\/www.abrigosoftware.com.br\/site\/sobre-nos\/","title":{"rendered":"Sobre n\u00f3s"},"content":{"rendered":"<p>[et_pb_section bb_built=&#8221;1&#8243; fullwidth=&#8221;on&#8221; specialty=&#8221;off&#8221; background_image=&#8221;https:\/\/www.abrigosoftware.com.br\/site\/wp-content\/uploads\/2017\/03\/topo-sobrenos.jpg&#8221; transparent_background=&#8221;on&#8221; allow_player_pause=&#8221;off&#8221; inner_shadow=&#8221;off&#8221; parallax=&#8221;off&#8221; parallax_method=&#8221;on&#8221; make_fullwidth=&#8221;off&#8221; use_custom_width=&#8221;off&#8221; width_unit=&#8221;on&#8221; make_equal=&#8221;off&#8221; use_custom_gutter=&#8221;off&#8221; background_color=&#8221;rgba(255,255,255,0)&#8221; next_background_color=&#8221;#ffffff&#8221;][et_pb_fullwidth_header title=&#8221;Sobre N\u00f3s&#8221; subhead=&#8221;Conhe\u00e7a um pouco mais sobre a nossa empresa&#8221; background_layout=&#8221;dark&#8221; text_orientation=&#8221;center&#8221; header_fullscreen=&#8221;off&#8221; header_scroll_down=&#8221;off&#8221; parallax=&#8221;off&#8221; parallax_method=&#8221;off&#8221; content_orientation=&#8221;center&#8221; image_orientation=&#8221;center&#8221; custom_button_one=&#8221;off&#8221; button_one_letter_spacing=&#8221;0&#8243; button_one_use_icon=&#8221;default&#8221; button_one_icon_placement=&#8221;right&#8221; button_one_on_hover=&#8221;on&#8221; button_one_letter_spacing_hover=&#8221;0&#8243; custom_button_two=&#8221;off&#8221; button_two_letter_spacing=&#8221;0&#8243; button_two_use_icon=&#8221;default&#8221; button_two_icon_placement=&#8221;right&#8221; button_two_on_hover=&#8221;on&#8221; button_two_letter_spacing_hover=&#8221;0&#8243; title_font=&#8221;Montserrat||||&#8221; title_font_size=&#8221;52&#8243; subhead_font=&#8221;PT Sans||||&#8221; subhead_font_size=&#8221;20px&#8221; content_max_width=&#8221;100%&#8221; background_color=&#8221;rgba(255, 255, 255, 0)&#8221; \/][\/et_pb_section][et_pb_section bb_built=&#8221;1&#8243; admin_label=&#8221;Section&#8221; fullwidth=&#8221;off&#8221; specialty=&#8221;off&#8221; transparent_background=&#8221;off&#8221; background_color=&#8221;#ffffff&#8221; allow_player_pause=&#8221;off&#8221; inner_shadow=&#8221;off&#8221; parallax=&#8221;off&#8221; parallax_method=&#8221;off&#8221; padding_mobile=&#8221;off&#8221; make_fullwidth=&#8221;off&#8221; use_custom_width=&#8221;off&#8221; width_unit=&#8221;on&#8221; make_equal=&#8221;off&#8221; use_custom_gutter=&#8221;off&#8221; module_id=&#8221;next1&#8243; collapsed=&#8221;off&#8221; disabled=&#8221;off&#8221; disabled_on=&#8221;||off&#8221; custom_padding_tablet=&#8221;50px|0|50px|0&#8243; custom_padding_last_edited=&#8221;on|desktop&#8221; prev_background_color=&#8221;rgba(255,255,255,0)&#8221;][et_pb_row admin_label=&#8221;Row&#8221; make_fullwidth=&#8221;off&#8221; use_custom_width=&#8221;off&#8221; width_unit=&#8221;on&#8221; use_custom_gutter=&#8221;on&#8221; gutter_width=&#8221;1&#8243; padding_mobile=&#8221;off&#8221; allow_player_pause=&#8221;off&#8221; parallax=&#8221;off&#8221; parallax_method=&#8221;off&#8221; make_equal=&#8221;off&#8221; parallax_1=&#8221;off&#8221; parallax_method_1=&#8221;off&#8221; parallax_2=&#8221;off&#8221; parallax_method_2=&#8221;off&#8221; column_padding_mobile=&#8221;on&#8221; background_position=&#8221;top_left&#8221; background_repeat=&#8221;repeat&#8221; background_size=&#8221;initial&#8221;][et_pb_column type=&#8221;1_2&#8243;][et_pb_image admin_label=&#8221;Image&#8221; src=&#8221;https:\/\/www.abrigosoftware.com.br\/site\/wp-content\/uploads\/2018\/09\/foto-02.jpg&#8221; animation=&#8221;right&#8221; sticky=&#8221;off&#8221; use_border_color=&#8221;on&#8221; border_color=&#8221;#e8e8e8&#8243; border_style=&#8221;solid&#8221; custom_margin_last_edited=&#8221;off|desktop&#8221; custom_margin_tablet=&#8221;|0px||&#8221; custom_margin=&#8221;|-50px||50px&#8221; disabled=&#8221;off&#8221; disabled_on=&#8221;on|on|&#8221; border_width=&#8221;4px&#8221; alt=&#8221;Sobre n\u00f3s&#8221; animation_style=&#8221;slide&#8221; animation_duration=&#8221;500ms&#8221; animation_intensity_slide=&#8221;10%&#8221; animation_direction=&#8221;right&#8221; border_color_all=&#8221;#e8e8e8&#8243; border_width_all=&#8221;4px&#8221; _builder_version=&#8221;3.13.1&#8243; \/][\/et_pb_column][et_pb_column type=&#8221;1_2&#8243;][et_pb_image admin_label=&#8221;Image&#8221; src=&#8221;https:\/\/www.abrigosoftware.com.br\/site\/wp-content\/uploads\/2018\/09\/foto-01.jpg&#8221; use_border_color=&#8221;on&#8221; custom_margin_last_edited=&#8221;off|desktop&#8221; custom_margin_tablet=&#8221;|0px||&#8221; custom_margin=&#8221;100px|50px||-50px&#8221; disabled=&#8221;off&#8221; disabled_on=&#8221;on|on|&#8221; alt=&#8221;Sobre n\u00f3s&#8221; animation_style=&#8221;slide&#8221; animation_duration=&#8221;500ms&#8221; animation_intensity_slide=&#8221;10%&#8221; animation_direction=&#8221;left&#8221; border_color_all=&#8221;#e8e8e8&#8243; border_width_all=&#8221;4px&#8221; _builder_version=&#8221;3.13.1&#8243; \/][\/et_pb_column][\/et_pb_row][et_pb_row admin_label=&#8221;Row&#8221; background_position=&#8221;top_left&#8221; background_repeat=&#8221;repeat&#8221; background_size=&#8221;initial&#8221;][et_pb_column type=&#8221;4_4&#8243;][et_pb_text admin_label=&#8221;A Empresa&#8221; background_layout=&#8221;light&#8221; text_orientation=&#8221;left&#8221; use_border_color=&#8221;off&#8221; border_color=&#8221;#ffffff&#8221; border_style=&#8221;solid&#8221; text_font=&#8221;Open Sans||||&#8221; text_font_size=&#8221;16&#8243; text_text_color=&#8221;#666666&#8243; text_line_height=&#8221;1.5em&#8221; background_position=&#8221;top_left&#8221; background_repeat=&#8221;repeat&#8221; background_size=&#8221;initial&#8221;]<\/p>\n<p style=\"text-align: justify;\">Criada em 2016, a Abrigo Software\u00a0\u00e9 uma\u00a0ramifica\u00e7\u00e3o da empresa Abrigo Virtual e tem como foco a<strong> integra\u00e7\u00e3o de softwares<\/strong> e <strong>desenvolvimento de aplicativos mobile<\/strong> para as plataformas IOS (iPhone), Android e Windows Phone.<\/p>\n<p style=\"text-align: justify;\">O principal <strong>diferencial<\/strong> da empresa \u00e9 a capacidade de integrar sistemas e dispositivos para que funcionem em conjunto, unindo desenvolvimento web, mobile e softwares em um s\u00f3 lugar.<\/p>\n<p style=\"text-align: justify;\">Entre nossos <strong>cases de sucesso<\/strong> temos aplicativos desenvolvidos em todo o Brasil com solu\u00e7\u00f5es inovadoras para clientes como Academia Brasileira de Direito Constitucional, Instituto Paranaense de Direito Eleitoral, SK Rental, entre outros.<\/p>\n<p style=\"text-align: justify;\"><strong>Nossa equipe<\/strong> conta com profissionais altamente qualificados e capacitados, oferecendo\u00a0as melhores solu\u00e7\u00f5es dispon\u00edveis no mercado para nossos clientes, com sistemas e aplicativos completos, pr\u00e1ticos e funcionais.<\/p>\n<p>[\/et_pb_text][\/et_pb_column][\/et_pb_row][et_pb_row background_position=&#8221;top_left&#8221; background_repeat=&#8221;repeat&#8221; background_size=&#8221;initial&#8221;][et_pb_column type=&#8221;4_4&#8243;][et_pb_divider color=&#8221;#ededed&#8221; show_divider=&#8221;on&#8221; divider_style=&#8221;solid&#8221; divider_position=&#8221;top&#8221; hide_on_mobile=&#8221;on&#8221; disabled_on=&#8221;on|on|off&#8221; \/][\/et_pb_column][\/et_pb_row][et_pb_row background_position=&#8221;top_left&#8221; background_repeat=&#8221;repeat&#8221; background_size=&#8221;initial&#8221;][et_pb_column type=&#8221;1_2&#8243;][et_pb_text admin_label=&#8221;Orcamento&#8221; background_layout=&#8221;light&#8221; text_orientation=&#8221;center&#8221; use_border_color=&#8221;off&#8221; border_color=&#8221;#ffffff&#8221; border_style=&#8221;solid&#8221; background_position=&#8221;top_left&#8221; background_repeat=&#8221;repeat&#8221; background_size=&#8221;initial&#8221; module_alignment=&#8221;center&#8221;]<\/p>\n<h4>Solicite um <strong>or\u00e7amento sem compromisso<\/strong>.<\/h4>\n<p>[\/et_pb_text][et_pb_button admin_label=&#8221;SOLICITE UM OR\u00c7AMENTO&#8221; button_url=&#8221;\/site\/contato\/&#8221; url_new_window=&#8221;off&#8221; button_text=&#8221;SOLICITE UM OR\u00c7AMENTO&#8221; button_alignment=&#8221;center&#8221; background_layout=&#8221;light&#8221; custom_button=&#8221;on&#8221; button_letter_spacing=&#8221;0&#8243; button_use_icon=&#8221;on&#8221; button_icon_placement=&#8221;right&#8221; button_on_hover=&#8221;on&#8221; button_letter_spacing_hover=&#8221;0&#8243; button_text_color=&#8221;#ffffff&#8221; button_bg_color=&#8221;#0d9996&#8243; button_border_color=&#8221;#0d9996&#8243; button_icon=&#8221;%%155%%&#8221; \/][\/et_pb_column][et_pb_column type=&#8221;1_2&#8243;][et_pb_text admin_label=&#8221;Nossos trabalho&#8221; background_layout=&#8221;light&#8221; text_orientation=&#8221;center&#8221; use_border_color=&#8221;off&#8221; border_color=&#8221;#ffffff&#8221; border_style=&#8221;solid&#8221; background_position=&#8221;top_left&#8221; background_repeat=&#8221;repeat&#8221; background_size=&#8221;initial&#8221; module_alignment=&#8221;center&#8221;]<\/p>\n<h4>Conhe\u00e7a um pouco mais sobre <strong>nosso trabalho<\/strong>.<\/h4>\n<p>[\/et_pb_text][et_pb_button admin_label=&#8221;NOSSOS SERVI\u00c7OS&#8221; button_url=&#8221;\/site\/solucoes\/&#8221; url_new_window=&#8221;off&#8221; button_text=&#8221;NOSSOS SERVI\u00c7OS&#8221; button_alignment=&#8221;center&#8221; background_layout=&#8221;light&#8221; custom_button=&#8221;on&#8221; button_letter_spacing=&#8221;0&#8243; button_use_icon=&#8221;on&#8221; button_icon_placement=&#8221;right&#8221; button_on_hover=&#8221;on&#8221; button_letter_spacing_hover=&#8221;0&#8243; button_text_color=&#8221;#ffffff&#8221; button_bg_color=&#8221;#0d9996&#8243; button_border_color=&#8221;#0d9996&#8243; button_icon=&#8221;%%176%%&#8221; \/][\/et_pb_column][\/et_pb_row][\/et_pb_section]<\/p>\n","protected":false},"excerpt":{"rendered":"<p>Criada em 2016, a Abrigo Software\u00a0\u00e9 uma\u00a0ramifica\u00e7\u00e3o da empresa Abrigo Virtual e tem como foco a integra\u00e7\u00e3o de softwares e desenvolvimento de aplicativos mobile para as plataformas IOS (iPhone), Android e Windows Phone. O principal diferencial da empresa \u00e9 a capacidade de integrar sistemas e dispositivos para que funcionem em conjunto, unindo desenvolvimento web, mobile [&hellip;]<\/p>\n","protected":false},"author":1,"featured_media":0,"parent":0,"menu_order":0,"comment_status":"closed","ping_status":"closed","template":"","meta":{"_et_pb_use_builder":"on","_et_pb_old_content":"","_et_gb_content_width":"","footnotes":""},"yoast_head":"<!-- This site is optimized with the Yoast SEO plugin v23.0 - https:\/\/yoast.com\/wordpress\/plugins\/seo\/ -->\n<title>Sobre n\u00f3s | Abrigo Software | Desenvolvimento de Aplicativos<\/title>\n<meta name=\"description\" content=\"Sobre n\u00f3s! a Abrigo Software \u00e9 uma ramifica\u00e7\u00e3o da empresa Abrigo Virtual e tem como foco a integra\u00e7\u00e3o de softwares e desenvolvimento de aplicativos mobile.\" \/>\n<meta name=\"robots\" content=\"index, follow, max-snippet:-1, max-image-preview:large, max-video-preview:-1\" \/>\n<link rel=\"canonical\" href=\"https:\/\/www.abrigosoftware.com.br\/site\/sobre-nos\/\" \/>\n<meta property=\"og:locale\" content=\"pt_BR\" \/>\n<meta property=\"og:type\" content=\"article\" \/>\n<meta property=\"og:title\" content=\"Sobre n\u00f3s | Abrigo Software | Desenvolvimento de Aplicativos\" \/>\n<meta property=\"og:description\" content=\"Sobre n\u00f3s! a Abrigo Software \u00e9 uma ramifica\u00e7\u00e3o da empresa Abrigo Virtual e tem como foco a integra\u00e7\u00e3o de softwares e desenvolvimento de aplicativos mobile.\" \/>\n<meta property=\"og:url\" content=\"https:\/\/www.abrigosoftware.com.br\/site\/sobre-nos\/\" \/>\n<meta property=\"og:site_name\" content=\"Abrigo Software - Desenvolvimento de Sistemas e Aplicativos\" \/>\n<meta property=\"article:modified_time\" content=\"2018-09-05T18:53:37+00:00\" \/>\n<meta name=\"twitter:card\" content=\"summary_large_image\" \/>\n<meta name=\"twitter:label1\" content=\"Est. tempo de leitura\" \/>\n\t<meta name=\"twitter:data1\" content=\"5 minutos\" \/>\n<script type=\"application\/ld+json\" class=\"yoast-schema-graph\">{\"@context\":\"https:\/\/schema.org\",\"@graph\":[{\"@type\":\"WebPage\",\"@id\":\"https:\/\/www.abrigosoftware.com.br\/site\/sobre-nos\/\",\"url\":\"https:\/\/www.abrigosoftware.com.br\/site\/sobre-nos\/\",\"name\":\"Sobre n\u00f3s | Abrigo Software | Desenvolvimento de Aplicativos\",\"isPartOf\":{\"@id\":\"https:\/\/www.abrigosoftware.com.br\/site\/#website\"},\"datePublished\":\"2017-03-28T23:26:16+00:00\",\"dateModified\":\"2018-09-05T18:53:37+00:00\",\"description\":\"Sobre n\u00f3s! a Abrigo Software \u00e9 uma ramifica\u00e7\u00e3o da empresa Abrigo Virtual e tem como foco a integra\u00e7\u00e3o de softwares e desenvolvimento de aplicativos mobile.\",\"breadcrumb\":{\"@id\":\"https:\/\/www.abrigosoftware.com.br\/site\/sobre-nos\/#breadcrumb\"},\"inLanguage\":\"pt-BR\",\"potentialAction\":[{\"@type\":\"ReadAction\",\"target\":[\"https:\/\/www.abrigosoftware.com.br\/site\/sobre-nos\/\"]}]},{\"@type\":\"BreadcrumbList\",\"@id\":\"https:\/\/www.abrigosoftware.com.br\/site\/sobre-nos\/#breadcrumb\",\"itemListElement\":[{\"@type\":\"ListItem\",\"position\":1,\"name\":\"Home\",\"item\":\"https:\/\/www.abrigosoftware.com.br\/site\/\"},{\"@type\":\"ListItem\",\"position\":2,\"name\":\"Sobre n\u00f3s\"}]},{\"@type\":\"WebSite\",\"@id\":\"https:\/\/www.abrigosoftware.com.br\/site\/#website\",\"url\":\"https:\/\/www.abrigosoftware.com.br\/site\/\",\"name\":\"Abrigo Software - Desenvolvimento de Sistemas e Aplicativos\",\"description\":\"Desenvolvimento de aplicativos e integra\u00e7\u00e3o de sistemas em Curitiba\",\"potentialAction\":[{\"@type\":\"SearchAction\",\"target\":{\"@type\":\"EntryPoint\",\"urlTemplate\":\"https:\/\/www.abrigosoftware.com.br\/site\/?s={search_term_string}\"},\"query-input\":\"required name=search_term_string\"}],\"inLanguage\":\"pt-BR\"}]}<\/script>\n<!-- \/ Yoast SEO plugin. -->","yoast_head_json":{"title":"Sobre n\u00f3s | Abrigo Software | Desenvolvimento de Aplicativos","description":"Sobre n\u00f3s! a Abrigo Software \u00e9 uma ramifica\u00e7\u00e3o da empresa Abrigo Virtual e tem como foco a integra\u00e7\u00e3o de softwares e desenvolvimento de aplicativos mobile.","robots":{"index":"index","follow":"follow","max-snippet":"max-snippet:-1","max-image-preview":"max-image-preview:large","max-video-preview":"max-video-preview:-1"},"canonical":"https:\/\/www.abrigosoftware.com.br\/site\/sobre-nos\/","og_locale":"pt_BR","og_type":"article","og_title":"Sobre n\u00f3s | Abrigo Software | Desenvolvimento de Aplicativos","og_description":"Sobre n\u00f3s! a Abrigo Software \u00e9 uma ramifica\u00e7\u00e3o da empresa Abrigo Virtual e tem como foco a integra\u00e7\u00e3o de softwares e desenvolvimento de aplicativos mobile.","og_url":"https:\/\/www.abrigosoftware.com.br\/site\/sobre-nos\/","og_site_name":"Abrigo Software - Desenvolvimento de Sistemas e Aplicativos","article_modified_time":"2018-09-05T18:53:37+00:00","twitter_card":"summary_large_image","twitter_misc":{"Est. tempo de leitura":"5 minutos"},"schema":{"@context":"https:\/\/schema.org","@graph":[{"@type":"WebPage","@id":"https:\/\/www.abrigosoftware.com.br\/site\/sobre-nos\/","url":"https:\/\/www.abrigosoftware.com.br\/site\/sobre-nos\/","name":"Sobre n\u00f3s | Abrigo Software | Desenvolvimento de Aplicativos","isPartOf":{"@id":"https:\/\/www.abrigosoftware.com.br\/site\/#website"},"datePublished":"2017-03-28T23:26:16+00:00","dateModified":"2018-09-05T18:53:37+00:00","description":"Sobre n\u00f3s! a Abrigo Software \u00e9 uma ramifica\u00e7\u00e3o da empresa Abrigo Virtual e tem como foco a integra\u00e7\u00e3o de softwares e desenvolvimento de aplicativos mobile.","breadcrumb":{"@id":"https:\/\/www.abrigosoftware.com.br\/site\/sobre-nos\/#breadcrumb"},"inLanguage":"pt-BR","potentialAction":[{"@type":"ReadAction","target":["https:\/\/www.abrigosoftware.com.br\/site\/sobre-nos\/"]}]},{"@type":"BreadcrumbList","@id":"https:\/\/www.abrigosoftware.com.br\/site\/sobre-nos\/#breadcrumb","itemListElement":[{"@type":"ListItem","position":1,"name":"Home","item":"https:\/\/www.abrigosoftware.com.br\/site\/"},{"@type":"ListItem","position":2,"name":"Sobre n\u00f3s"}]},{"@type":"WebSite","@id":"https:\/\/www.abrigosoftware.com.br\/site\/#website","url":"https:\/\/www.abrigosoftware.com.br\/site\/","name":"Abrigo Software - Desenvolvimento de Sistemas e Aplicativos","description":"Desenvolvimento de aplicativos e integra\u00e7\u00e3o de sistemas em Curitiba","potentialAction":[{"@type":"SearchAction","target":{"@type":"EntryPoint","urlTemplate":"https:\/\/www.abrigosoftware.com.br\/site\/?s={search_term_string}"},"query-input":"required name=search_term_string"}],"inLanguage":"pt-BR"}]}},"_links":{"self":[{"href":"https:\/\/www.abrigosoftware.com.br\/site\/wp-json\/wp\/v2\/pages\/40"}],"collection":[{"href":"https:\/\/www.abrigosoftware.com.br\/site\/wp-json\/wp\/v2\/pages"}],"about":[{"href":"https:\/\/www.abrigosoftware.com.br\/site\/wp-json\/wp\/v2\/types\/page"}],"author":[{"embeddable":true,"href":"https:\/\/www.abrigosoftware.com.br\/site\/wp-json\/wp\/v2\/users\/1"}],"replies":[{"embeddable":true,"href":"https:\/\/www.abrigosoftware.com.br\/site\/wp-json\/wp\/v2\/comments?post=40"}],"version-history":[{"count":48,"href":"https:\/\/www.abrigosoftware.com.br\/site\/wp-json\/wp\/v2\/pages\/40\/revisions"}],"predecessor-version":[{"id":29107,"href":"https:\/\/www.abrigosoftware.com.br\/site\/wp-json\/wp\/v2\/pages\/40\/revisions\/29107"}],"wp:attachment":[{"href":"https:\/\/www.abrigosoftware.com.br\/site\/wp-json\/wp\/v2\/media?parent=40"}],"curies":[{"name":"wp","href":"https:\/\/api.w.org\/{rel}","templated":true}]}}